{"id":939,"date":"2024-06-24T21:42:20","date_gmt":"2024-06-24T19:42:20","guid":{"rendered":"https:\/\/audiophiledetendu.fr\/?page_id=939"},"modified":"2026-02-22T01:10:03","modified_gmt":"2026-02-22T00:10:03","slug":"espace-partenaire","status":"publish","type":"page","link":"https:\/\/audiophiledetendu.fr\/index.php\/espace-partenaire\/","title":{"rendered":"Espace partenaire"},"content":{"rendered":"\n<div class=\"wp-block-uagb-image aligncenter uagb-block-c6759a89 wp-block-uagb-image--layout-default wp-block-uagb-image--effect-static wp-block-uagb-image--align-center\"><figure class=\"wp-block-uagb-image__figure\"><img decoding=\"async\" srcset=\"https:\/\/audiophiledetendu.fr\/wp-content\/uploads\/2026\/02\/Badge-Black.png ,https:\/\/audiophiledetendu.fr\/wp-content\/uploads\/2026\/02\/Badge-Black.png 780w, https:\/\/audiophiledetendu.fr\/wp-content\/uploads\/2026\/02\/Badge-Black.png 360w\" sizes=\"auto, (max-width: 480px) 150px\" src=\"https:\/\/audiophiledetendu.fr\/wp-content\/uploads\/2026\/02\/Badge-Black.png\" alt=\"\" class=\"uag-image-1056\" width=\"100\" height=\"100\" title=\"Badge Black\" loading=\"lazy\" role=\"img\"\/><\/figure><\/div>\n\n\n\n<p class=\"has-text-align-center\"><br>Vous trouverez sur cette page toutes les resources graphique d\u2019Audiophile D\u00e9tendu \u00e0 int\u00e9grer dans vos communications.<br><br>Vous trouverez \u00e9galement sur cette page les diff\u00e9rentes r\u00e8gles d&rsquo;Audiophile D\u00e9tendu avec ses partenaires.<\/p>\n\n\n\n<div data-aos= \"fade-up\" data-aos-duration=\"400\" data-aos-delay=\"0\" data-aos-easing=\"ease\" data-aos-once=\"true\" class=\"wp-block-uagb-separator uagb-block-2ecbde61 wp-block-uagb-separator--text\"><div class=\"wp-block-uagb-separator__inner\" style=\"--my-background-image:\"><div class=\"wp-block-uagb-separator-element\"><h2 class=\"uagb-html-tag\">Partenariat<\/h2><\/div><\/div><\/div>\n\n\n\n<p class=\"has-text-align-center has-background\" style=\"background-color:#e3e1e6;padding-right:var(--wp--preset--spacing--80);padding-left:var(--wp--preset--spacing--80)\">Audiophile D\u00e9tendu teste des produits de mani\u00e8re totalement ind\u00e9pendante et non sponsoris\u00e9e. <br><br>Audiophile D\u00e9tendu refusera tout partenariat mon\u00e9tis\u00e9 si cela compromet de pr\u00e8s ou de loin son objectivit\u00e9 concernant le produit ou la marque test\u00e9e.<br><br>Audiophile D\u00e9tendu se r\u00e9serve le droit de refuser un partenariat pour les raisons suivantes :<br><br>&#8211; Tentative d\u2019influence sur l\u2019opinion relative au produit test\u00e9<br>&#8211; Produit ne respectant pas la description officielle donn\u00e9e par le constructeur<br>&#8211; Absence d\u2019int\u00e9r\u00eat pour la communaut\u00e9<br><br>Nous testons tous les produits envoy\u00e9s, et le pr\u00eateur n\u2019a aucun droit de regard sur les tests effectu\u00e9s par l\u2019\u00e9quipe d\u2019Audiophile D\u00e9tendu.<br><br>De plus, le pr\u00eateur ne pourra exercer aucune influence pour modifier un test, qu\u2019il soit positif ou n\u00e9gatif.<br><br>Tous les tests sont r\u00e9alis\u00e9s individuellement et sans concertation par trois personnes diff\u00e9rentes, dont une totalement externe \u00e0 la soci\u00e9t\u00e9 Audiophile D\u00e9tendu SAS.<\/p>\n\n\n\n<div data-aos= \"fade-up\" data-aos-duration=\"400\" data-aos-delay=\"0\" data-aos-easing=\"ease\" data-aos-once=\"true\" class=\"wp-block-uagb-separator uagb-block-c0833ffa wp-block-uagb-separator--text\"><div class=\"wp-block-uagb-separator__inner\" style=\"--my-background-image:\"><div class=\"wp-block-uagb-separator-element\"><h2 class=\"uagb-html-tag\">Typographie<\/h2><\/div><\/div><\/div>\n\n\n\n<p class=\"has-text-align-center\">Audiophile D\u00e9tendu s&rsquo;\u00e9crit avec un A et un D en majuscule, il n&rsquo;y a pas de \u00ab\u00a0l'\u00a0\u00bb avant Audiophile D\u00e9tendu.<br>\u00ab\u00a0AD\u00a0\u00bb est le diminutif de Audiophile D\u00e9tendu, cette abr\u00e9viation n&rsquo;est pas \u00e0 utiliser de mani\u00e8re officielle.<\/p>\n\n\n\n<div data-aos= \"fade-up\" data-aos-duration=\"400\" data-aos-delay=\"0\" data-aos-easing=\"ease\" data-aos-once=\"true\" class=\"wp-block-uagb-separator uagb-block-f68f7aa1 wp-block-uagb-separator--text\"><div class=\"wp-block-uagb-separator__inner\" style=\"--my-background-image:\"><div class=\"wp-block-uagb-separator-element\"><h2 class=\"uagb-html-tag\">Logo<\/h2><\/div><\/div><\/div>\n\n\n\n<div id=\"contact\" class=\"wp-block-group has-background is-content-justification-center is-nowrap is-layout-flex wp-container-core-group-is-layout-4588f6ca wp-block-group-is-layout-flex\" style=\"background-color:#e3e1e6;padding-top:20px;padding-bottom:20px\">\n<div class=\"wp-block-group alignfull is-content-justification-center is-layout-constrained wp-container-core-group-is-layout-2690a0c7 wp-block-group-is-layout-constrained\" id=\"services\" style=\"min-height:0px;padding-top:20px;padding-bottom:20px\">\n<div class=\"wp-block-columns are-vertically-aligned-top is-layout-flex wp-container-core-columns-is-layout-a6b11bcd wp-block-columns-is-layout-flex\" style=\"margin-top:0px;padding-top:0px;padding-bottom:0px\">\n<div class=\"wp-block-column is-vertically-aligned-top is-layout-flow wp-container-core-column-is-layout-6b73ce23 wp-block-column-is-layout-flow\">\n<figure class=\"wp-block-image aligncenter size-large is-resized is-style-rounded wp-duotone-unset-1\"><img loading=\"lazy\" decoding=\"async\" width=\"1024\" height=\"1024\" src=\"https:\/\/audiophiledetendu.fr\/wp-content\/uploads\/2026\/02\/Badge-White-1024x1024.png\" alt=\"\" class=\"wp-image-1054\" style=\"width:200px\" srcset=\"https:\/\/audiophiledetendu.fr\/wp-content\/uploads\/2026\/02\/Badge-White-1024x1024.png 1024w, https:\/\/audiophiledetendu.fr\/wp-content\/uploads\/2026\/02\/Badge-White-300x300.png 300w, https:\/\/audiophiledetendu.fr\/wp-content\/uploads\/2026\/02\/Badge-White-150x150.png 150w, https:\/\/audiophiledetendu.fr\/wp-content\/uploads\/2026\/02\/Badge-White-768x768.png 768w, https:\/\/audiophiledetendu.fr\/wp-content\/uploads\/2026\/02\/Badge-White-1536x1536.png 1536w, https:\/\/audiophiledetendu.fr\/wp-content\/uploads\/2026\/02\/Badge-White-2048x2048.png 2048w\" sizes=\"auto, (max-width: 1024px) 100vw, 1024px\" \/><\/figure>\n\n\n\n<h3 class=\"wp-block-heading has-text-align-center\" style=\"margin-top:16px\">Logo blanc<\/h3>\n\n\n\n<p class=\"has-text-align-center\">Logo \u00e0 utiliser sur tous les fonds sauf blanc<\/p>\n\n\n\n<p class=\"has-text-align-center\"><a href=\"https:\/\/audiophiledetendu.fr\/wp-content\/uploads\/2026\/02\/Badge-White.png\" target=\"_blank\" rel=\"noopener\" title=\"T\u00e9l\u00e9charger\">T\u00e9l\u00e9charger<\/a><\/p>\n<\/div>\n\n\n\n<div class=\"wp-block-column is-vertically-aligned-top is-layout-flow wp-container-core-column-is-layout-6b73ce23 wp-block-column-is-layout-flow\">\n<figure class=\"wp-block-image aligncenter size-full is-resized is-style-rounded wp-duotone-unset-2\"><img loading=\"lazy\" decoding=\"async\" width=\"2362\" height=\"2362\" src=\"https:\/\/audiophiledetendu.fr\/wp-content\/uploads\/2026\/02\/Badge-Black.png\" alt=\"\" class=\"wp-image-1056\" style=\"width:200px\"\/><\/figure>\n\n\n\n<h3 class=\"wp-block-heading has-text-align-center\" style=\"margin-top:16px\">Logo noir<\/h3>\n\n\n\n<p class=\"has-text-align-center\">Logo \u00e0 utiliser sur fond blanc uniquement<\/p>\n\n\n\n<p class=\"has-text-align-center\"><a href=\"https:\/\/audiophiledetendu.fr\/wp-content\/uploads\/2026\/02\/Badge-Black.png\" title=\"\">T\u00e9l\u00e9charger<\/a><\/p>\n<\/div>\n\n\n\n<div class=\"wp-block-column is-vertically-aligned-top is-layout-flow wp-container-core-column-is-layout-6b73ce23 wp-block-column-is-layout-flow\">\n<figure class=\"wp-block-image aligncenter size-full is-resized is-style-rounded\"><img loading=\"lazy\" decoding=\"async\" width=\"2362\" height=\"2362\" src=\"https:\/\/audiophiledetendu.fr\/wp-content\/uploads\/2026\/02\/Badge.png\" alt=\"\" class=\"wp-image-1060\" style=\"width:200px\" srcset=\"https:\/\/audiophiledetendu.fr\/wp-content\/uploads\/2026\/02\/Badge.png 2362w, https:\/\/audiophiledetendu.fr\/wp-content\/uploads\/2026\/02\/Badge-300x300.png 300w, https:\/\/audiophiledetendu.fr\/wp-content\/uploads\/2026\/02\/Badge-1024x1024.png 1024w, https:\/\/audiophiledetendu.fr\/wp-content\/uploads\/2026\/02\/Badge-150x150.png 150w, https:\/\/audiophiledetendu.fr\/wp-content\/uploads\/2026\/02\/Badge-768x768.png 768w, https:\/\/audiophiledetendu.fr\/wp-content\/uploads\/2026\/02\/Badge-1536x1536.png 1536w, https:\/\/audiophiledetendu.fr\/wp-content\/uploads\/2026\/02\/Badge-2048x2048.png 2048w\" sizes=\"auto, (max-width: 2362px) 100vw, 2362px\" \/><\/figure>\n\n\n\n<h3 class=\"wp-block-heading has-text-align-center\" style=\"margin-top:16px\">R\u00e9seaux Sociaux<\/h3>\n\n\n\n<p class=\"has-text-align-center\">Usage non autoris\u00e9<\/p>\n\n\n\n<p class=\"has-text-align-center\"><\/p>\n<\/div>\n<\/div>\n<\/div>\n<\/div>\n\n\n\n<div data-aos= \"fade-up\" data-aos-duration=\"400\" data-aos-delay=\"0\" data-aos-easing=\"ease\" data-aos-once=\"true\" class=\"wp-block-uagb-separator uagb-block-f5e00d38 wp-block-uagb-separator--text\"><div class=\"wp-block-uagb-separator__inner\" style=\"--my-background-image:\"><div class=\"wp-block-uagb-separator-element\"><h2 class=\"uagb-html-tag\">Utilisation<\/h2><\/div><\/div><\/div>\n\n\n\n<div class=\"wp-block-group alignfull has-ast-global-color-5-background-color has-background is-layout-constrained wp-container-core-group-is-layout-3f083591 wp-block-group-is-layout-constrained\" id=\"about\" style=\"padding-top:20px;padding-bottom:20px\">\n<div class=\"wp-block-group alignfull is-layout-constrained wp-container-core-group-is-layout-970c86f3 wp-block-group-is-layout-constrained\" id=\"services\" style=\"min-height:0px;padding-top:20px;padding-bottom:20px\">\n<div class=\"wp-block-columns are-vertically-aligned-top is-layout-flex wp-container-core-columns-is-layout-a6b11bcd wp-block-columns-is-layout-flex\" style=\"margin-top:0px;padding-top:0px;padding-bottom:0px\">\n<div class=\"wp-block-column is-vertically-aligned-top is-layout-flow wp-container-core-column-is-layout-6b73ce23 wp-block-column-is-layout-flow\">\n<figure class=\"wp-block-gallery has-nested-images columns-default is-cropped wp-block-gallery-5 is-layout-flex wp-block-gallery-is-layout-flex\">\n<figure class=\"wp-block-image size-large is-style-default wp-duotone-unset-4\"><img loading=\"lazy\" decoding=\"async\" width=\"1024\" height=\"552\" data-id=\"954\" src=\"https:\/\/audiophiledetendu.fr\/wp-content\/uploads\/2024\/06\/usage-logo-2-1-1024x552.png\" alt=\"\" class=\"wp-image-954\" srcset=\"https:\/\/audiophiledetendu.fr\/wp-content\/uploads\/2024\/06\/usage-logo-2-1-1024x552.png 1024w, https:\/\/audiophiledetendu.fr\/wp-content\/uploads\/2024\/06\/usage-logo-2-1-300x162.png 300w, https:\/\/audiophiledetendu.fr\/wp-content\/uploads\/2024\/06\/usage-logo-2-1-768x414.png 768w, https:\/\/audiophiledetendu.fr\/wp-content\/uploads\/2024\/06\/usage-logo-2-1-1536x828.png 1536w, https:\/\/audiophiledetendu.fr\/wp-content\/uploads\/2024\/06\/usage-logo-2-1-2048x1105.png 2048w\" sizes=\"auto, (max-width: 1024px) 100vw, 1024px\" \/><\/figure>\n<\/figure>\n<\/div>\n\n\n\n<div class=\"wp-block-column is-vertically-aligned-top is-layout-flow wp-container-core-column-is-layout-6b73ce23 wp-block-column-is-layout-flow\">\n<figure class=\"wp-block-image size-large is-style-default wp-duotone-unset-6\"><img loading=\"lazy\" decoding=\"async\" width=\"1024\" height=\"552\" src=\"https:\/\/audiophiledetendu.fr\/wp-content\/uploads\/2024\/06\/usage-logo-1-1-1024x552.png\" alt=\"\" class=\"wp-image-953\" srcset=\"https:\/\/audiophiledetendu.fr\/wp-content\/uploads\/2024\/06\/usage-logo-1-1-1024x552.png 1024w, https:\/\/audiophiledetendu.fr\/wp-content\/uploads\/2024\/06\/usage-logo-1-1-300x162.png 300w, https:\/\/audiophiledetendu.fr\/wp-content\/uploads\/2024\/06\/usage-logo-1-1-768x414.png 768w, https:\/\/audiophiledetendu.fr\/wp-content\/uploads\/2024\/06\/usage-logo-1-1-1536x828.png 1536w, https:\/\/audiophiledetendu.fr\/wp-content\/uploads\/2024\/06\/usage-logo-1-1-2048x1105.png 2048w\" sizes=\"auto, (max-width: 1024px) 100vw, 1024px\" \/><\/figure>\n<\/div>\n\n\n\n<div class=\"wp-block-column is-vertically-aligned-top is-layout-flow wp-container-core-column-is-layout-6b73ce23 wp-block-column-is-layout-flow\">\n<figure class=\"wp-block-image size-full is-style-default\"><img loading=\"lazy\" decoding=\"async\" width=\"2831\" height=\"1527\" src=\"https:\/\/audiophiledetendu.fr\/wp-content\/uploads\/2024\/06\/usage-logo-3.png\" alt=\"\" class=\"wp-image-956\" srcset=\"https:\/\/audiophiledetendu.fr\/wp-content\/uploads\/2024\/06\/usage-logo-3.png 2831w, https:\/\/audiophiledetendu.fr\/wp-content\/uploads\/2024\/06\/usage-logo-3-300x162.png 300w, https:\/\/audiophiledetendu.fr\/wp-content\/uploads\/2024\/06\/usage-logo-3-1024x552.png 1024w, https:\/\/audiophiledetendu.fr\/wp-content\/uploads\/2024\/06\/usage-logo-3-768x414.png 768w, https:\/\/audiophiledetendu.fr\/wp-content\/uploads\/2024\/06\/usage-logo-3-1536x828.png 1536w, https:\/\/audiophiledetendu.fr\/wp-content\/uploads\/2024\/06\/usage-logo-3-2048x1105.png 2048w\" sizes=\"auto, (max-width: 2831px) 100vw, 2831px\" \/><\/figure>\n<\/div>\n<\/div>\n<\/div>\n<\/div>\n\n\n\n<div data-aos= \"fade-up\" data-aos-duration=\"400\" data-aos-delay=\"0\" data-aos-easing=\"ease\" data-aos-once=\"true\" class=\"wp-block-uagb-separator uagb-block-b71d14aa wp-block-uagb-separator--text\"><div class=\"wp-block-uagb-separator__inner\" style=\"--my-background-image:\"><div class=\"wp-block-uagb-separator-element\"><h2 class=\"uagb-html-tag\">Award<\/h2><\/div><\/div><\/div>\n\n\n\n<div id=\"contact\" class=\"wp-block-group has-background is-content-justification-center is-nowrap is-layout-flex wp-container-core-group-is-layout-4588f6ca wp-block-group-is-layout-flex\" style=\"background-color:#e3e1e6;padding-top:20px;padding-bottom:20px\">\n<div class=\"wp-block-group alignfull is-layout-constrained wp-container-core-group-is-layout-970c86f3 wp-block-group-is-layout-constrained\" id=\"services\" style=\"min-height:0px;padding-top:20px;padding-bottom:20px\">\n<div class=\"wp-block-columns are-vertically-aligned-top is-layout-flex wp-container-core-columns-is-layout-a6b11bcd wp-block-columns-is-layout-flex\" style=\"margin-top:0px;padding-top:0px;padding-bottom:0px\">\n<div class=\"wp-block-column is-vertically-aligned-top is-layout-flow wp-container-core-column-is-layout-6b73ce23 wp-block-column-is-layout-flow\">\n<div class=\"wp-block-uagb-image aligncenter uagb-block-0b507c25 wp-block-uagb-image--layout-default wp-block-uagb-image--effect-static wp-block-uagb-image--align-center\"><figure class=\"wp-block-uagb-image__figure\"><img decoding=\"async\" srcset=\"https:\/\/audiophiledetendu.fr\/wp-content\/uploads\/2024\/10\/AD-AwardsDEMO.png ,https:\/\/audiophiledetendu.fr\/wp-content\/uploads\/2024\/10\/AD-AwardsDEMO.png 780w, https:\/\/audiophiledetendu.fr\/wp-content\/uploads\/2024\/10\/AD-AwardsDEMO.png 360w\" sizes=\"auto, (max-width: 480px) 150px\" src=\"https:\/\/audiophiledetendu.fr\/wp-content\/uploads\/2024\/10\/AD-AwardsDEMO.png\" alt=\"\" class=\"uag-image-998\" width=\"250\" height=\"3508\" title=\"\" loading=\"lazy\" role=\"img\"\/><\/figure><\/div>\n\n\n\n<h3 class=\"wp-block-heading has-text-align-center\" style=\"margin-top:16px\">AD Award<\/h3>\n\n\n\n<p class=\"has-text-align-center\">Usage sous condition<\/p>\n\n\n\n<p class=\"has-text-align-center\">Le logo \u201cAwards\u201d est d\u00e9livr\u00e9 uniquement par nos soins, il est nominatif et identifiable gr\u00e2ce \u00e0 un filigrane portant la r\u00e9f\u00e9rence du produit d\u00e9sign\u00e9.<\/p>\n<\/div>\n<\/div>\n<\/div>\n<\/div>\n\n\n\n<p><\/p>\n\n\n\n<div class=\"wp-block-buttons has-custom-font-size has-small-font-size is-horizontal is-content-justification-center is-layout-flex wp-container-core-buttons-is-layout-03627597 wp-block-buttons-is-layout-flex\" id=\"https:\/\/audiophiledetendu.fr\">\n<div class=\"wp-block-button has-custom-width wp-block-button__width-50 is-style-fill\" id=\"https:\/\/audiophiledetendu.fr\"><a class=\"wp-block-button__link has-ast-global-color-3-color has-white-background-color has-text-color has-background has-text-align-center wp-element-button\" href=\"https:\/\/audiophiledetendu.fr\" style=\"border-width:1px\" rel=\"https:\/\/audiophiledetendu.fr\">Accueil<\/a><\/div>\n<\/div>\n\n\n\n<p><\/p>\n","protected":false},"excerpt":{"rendered":"<p>Vous trouverez sur cette page toutes les resources graphique d\u2019Audiophile D\u00e9tendu \u00e0 int\u00e9grer dans vos communications. Vous trouverez \u00e9galement sur [&hellip;]<\/p>\n","protected":false},"author":1,"featured_media":0,"parent":0,"menu_order":0,"comment_status":"closed","ping_status":"closed","template":"","meta":{"om_disable_all_campaigns":false,"_uag_custom_page_level_css":"","_monsterinsights_skip_tracking":false,"_monsterinsights_sitenote_active":false,"_monsterinsights_sitenote_note":"","_monsterinsights_sitenote_category":0,"site-sidebar-layout":"default","site-content-layout":"","ast-site-content-layout":"full-width-container","site-content-style":"boxed","site-sidebar-style":"boxed","ast-global-header-display":"disabled","ast-banner-title-visibility":"","ast-main-header-display":"","ast-hfb-above-header-display":"","ast-hfb-below-header-display":"","ast-hfb-mobile-header-display":"","site-post-title":"","ast-breadcrumbs-content":"","ast-featured-img":"","footer-sml-layout":"","ast-disable-related-posts":"","theme-transparent-header-meta":"","adv-header-id-meta":"","stick-header-meta":"","header-above-stick-meta":"","header-main-stick-meta":"","header-below-stick-meta":"","astra-migrate-meta-layouts":"set","ast-page-background-enabled":"default","ast-page-background-meta":{"desktop":{"background-color":"var(--ast-global-color-4)","background-image":"","background-repeat":"repeat","background-position":"center center","background-size":"auto","background-attachment":"scroll","background-type":"","background-media":"","overlay-type":"","overlay-color":"","overlay-opacity":"","overlay-gradient":""},"tablet":{"background-color":"","background-image":"","background-repeat":"repeat","background-position":"center center","background-size":"auto","background-attachment":"scroll","background-type":"","background-media":"","overlay-type":"","overlay-color":"","overlay-opacity":"","overlay-gradient":""},"mobile":{"background-color":"","background-image":"","background-repeat":"repeat","background-position":"center center","background-size":"auto","background-attachment":"scroll","background-type":"","background-media":"","overlay-type":"","overlay-color":"","overlay-opacity":"","overlay-gradient":""}},"ast-content-background-meta":{"desktop":{"background-color":"var(--ast-global-color-5)","background-image":"","background-repeat":"repeat","background-position":"center center","background-size":"auto","background-attachment":"scroll","background-type":"","background-media":"","overlay-type":"","overlay-color":"","overlay-opacity":"","overlay-gradient":""},"tablet":{"background-color":"var(--ast-global-color-5)","background-image":"","background-repeat":"repeat","background-position":"center center","background-size":"auto","background-attachment":"scroll","background-type":"","background-media":"","overlay-type":"","overlay-color":"","overlay-opacity":"","overlay-gradient":""},"mobile":{"background-color":"var(--ast-global-color-5)","background-image":"","background-repeat":"repeat","background-position":"center center","background-size":"auto","background-attachment":"scroll","background-type":"","background-media":"","overlay-type":"","overlay-color":"","overlay-opacity":"","overlay-gradient":""}},"footnotes":""},"class_list":["post-939","page","type-page","status-publish","hentry"],"aioseo_notices":[],"uagb_featured_image_src":{"full":false,"thumbnail":false,"medium":false,"medium_large":false,"large":false,"1536x1536":false,"2048x2048":false},"uagb_author_info":{"display_name":"admin5993","author_link":"https:\/\/audiophiledetendu.fr\/index.php\/author\/admin5993\/"},"uagb_comment_info":0,"uagb_excerpt":"Vous trouverez sur cette page toutes les resources graphique d\u2019Audiophile D\u00e9tendu \u00e0 int\u00e9grer dans vos communications. Vous trouverez \u00e9galement sur [&hellip;]","_links":{"self":[{"href":"https:\/\/audiophiledetendu.fr\/index.php\/wp-json\/wp\/v2\/pages\/939","targetHints":{"allow":["GET"]}}],"collection":[{"href":"https:\/\/audiophiledetendu.fr\/index.php\/wp-json\/wp\/v2\/pages"}],"about":[{"href":"https:\/\/audiophiledetendu.fr\/index.php\/wp-json\/wp\/v2\/types\/page"}],"author":[{"embeddable":true,"href":"https:\/\/audiophiledetendu.fr\/index.php\/wp-json\/wp\/v2\/users\/1"}],"replies":[{"embeddable":true,"href":"https:\/\/audiophiledetendu.fr\/index.php\/wp-json\/wp\/v2\/comments?post=939"}],"version-history":[{"count":48,"href":"https:\/\/audiophiledetendu.fr\/index.php\/wp-json\/wp\/v2\/pages\/939\/revisions"}],"predecessor-version":[{"id":1065,"href":"https:\/\/audiophiledetendu.fr\/index.php\/wp-json\/wp\/v2\/pages\/939\/revisions\/1065"}],"wp:attachment":[{"href":"https:\/\/audiophiledetendu.fr\/index.php\/wp-json\/wp\/v2\/media?parent=939"}],"curies":[{"name":"wp","href":"https:\/\/api.w.org\/{rel}","templated":true}]}}